{"id":3492,"date":"2021-02-21T15:47:07","date_gmt":"2021-02-21T15:47:07","guid":{"rendered":"https:\/\/sirapevida.com\/?page_id=3492"},"modified":"2021-06-10T20:58:35","modified_gmt":"2021-06-10T20:58:35","slug":"wellness","status":"publish","type":"page","link":"https:\/\/sirapevida.com\/en\/wellness\/","title":{"rendered":"Wellness"},"content":{"rendered":"<div class=\"wp-block-group newspack-pattern homepage-posts__style-1\"><div class=\"wp-block-group__inner-container is-layout-flow wp-block-group-is-layout-flow\"><div class=\"wp-block-columns is-layout-flex wp-container-core-columns-is-layout-9d6595d7 wp-block-columns-is-layout-flex\"><div class=\"wp-block-column is-layout-flow wp-block-column-is-layout-flow\" style=\"flex-basis:66.66%\"><\/div>\n\n<div class=\"wp-block-column is-layout-flow wp-block-column-is-layout-flow\" style=\"flex-basis:33.33%\"><\/div><\/div><\/div><\/div><div class=\"wp-block-group newspack-pattern homepage-posts__style-19\"><div class=\"wp-block-group__inner-container is-layout-flow wp-block-group-is-layout-flow\"><div class=\"wp-block-columns is-layout-flex wp-container-core-columns-is-layout-9d6595d7 wp-block-columns-is-layout-flex\"><div class=\"wp-block-column is-layout-flow wp-block-column-is-layout-flow\" style=\"flex-basis:100%\"><div class=\"wp-block-group\"><div class=\"wp-block-group__inner-container is-layout-flow wp-block-group-is-layout-flow\">\n\n<\/div><\/div><\/div><\/div><\/div><\/div>","protected":false},"excerpt":{"rendered":"","protected":false},"author":15,"featured_media":0,"parent":0,"menu_order":0,"comment_status":"closed","ping_status":"closed","template":"single-wide.php","meta":{"newspack_popups_has_disabled_popups":false,"newspack_content_restriction_is_exempt":false,"footnotes":""},"class_list":["post-3492","page","type-page","status-publish","hentry"],"yoast_head":"<!-- This site is optimized with the Yoast SEO plugin v27.4 - https:\/\/yoast.com\/product\/yoast-seo-wordpress\/ -->\n<title>Wellness - SIRA PEVIDA<\/title>\n<meta name=\"robots\" content=\"index, follow, max-snippet:-1, max-image-preview:large, max-video-preview:-1\" \/>\n<link rel=\"canonical\" href=\"https:\/\/sirapevida.com\/en\/wellness\/\" \/>\n<meta property=\"og:locale\" content=\"en_US\" \/>\n<meta property=\"og:type\" content=\"article\" \/>\n<meta property=\"og:title\" content=\"Wellness - SIRA PEVIDA\" \/>\n<meta property=\"og:url\" content=\"https:\/\/sirapevida.com\/en\/wellness\/\" \/>\n<meta property=\"og:site_name\" content=\"SIRA PEVIDA\" \/>\n<meta property=\"article:publisher\" content=\"https:\/\/facebook.com\/sirapevida\" \/>\n<meta property=\"article:modified_time\" content=\"2021-06-10T20:58:35+00:00\" \/>\n<meta property=\"og:image\" content=\"https:\/\/i0.wp.com\/sirapevida.com\/wp-content\/uploads\/2021\/03\/SiraPevida-SocialSharingImage.png?fit=1200%2C628&ssl=1\" \/>\n\t<meta property=\"og:image:width\" content=\"1200\" \/>\n\t<meta property=\"og:image:height\" content=\"628\" \/>\n\t<meta property=\"og:image:type\" content=\"image\/png\" \/>\n<meta name=\"twitter:card\" content=\"summary_large_image\" \/>\n<script type=\"application\/ld+json\" class=\"yoast-schema-graph\">{\"@context\":\"https:\\\/\\\/schema.org\",\"@graph\":[{\"@type\":\"WebPage\",\"@id\":\"https:\\\/\\\/sirapevida.com\\\/wellness\\\/\",\"url\":\"https:\\\/\\\/sirapevida.com\\\/wellness\\\/\",\"name\":\"Wellness - SIRA PEVIDA\",\"isPartOf\":{\"@id\":\"https:\\\/\\\/sirapevida.com\\\/#website\"},\"datePublished\":\"2021-02-21T15:47:07+00:00\",\"dateModified\":\"2021-06-10T20:58:35+00:00\",\"breadcrumb\":{\"@id\":\"https:\\\/\\\/sirapevida.com\\\/wellness\\\/#breadcrumb\"},\"inLanguage\":\"en-US\",\"potentialAction\":[{\"@type\":\"ReadAction\",\"target\":[\"https:\\\/\\\/sirapevida.com\\\/wellness\\\/\"]}]},{\"@type\":\"BreadcrumbList\",\"@id\":\"https:\\\/\\\/sirapevida.com\\\/wellness\\\/#breadcrumb\",\"itemListElement\":[{\"@type\":\"ListItem\",\"position\":1,\"name\":\"Home\",\"item\":\"https:\\\/\\\/sirapevida.com\\\/\"},{\"@type\":\"ListItem\",\"position\":2,\"name\":\"Wellness\"}]},{\"@type\":\"WebSite\",\"@id\":\"https:\\\/\\\/sirapevida.com\\\/#website\",\"url\":\"https:\\\/\\\/sirapevida.com\\\/\",\"name\":\"SIRA PEVIDA\",\"description\":\"Sira is a style icon and an authority on fashion, beauty, lifestyle, and wellness.\",\"potentialAction\":[{\"@type\":\"SearchAction\",\"target\":{\"@type\":\"EntryPoint\",\"urlTemplate\":\"https:\\\/\\\/sirapevida.com\\\/?s={search_term_string}\"},\"query-input\":{\"@type\":\"PropertyValueSpecification\",\"valueRequired\":true,\"valueName\":\"search_term_string\"}}],\"inLanguage\":\"en-US\"}]}<\/script>\n<!-- \/ Yoast SEO plugin. -->","yoast_head_json":{"title":"Wellness - SIRA PEVIDA","robots":{"index":"index","follow":"follow","max-snippet":"max-snippet:-1","max-image-preview":"max-image-preview:large","max-video-preview":"max-video-preview:-1"},"canonical":"https:\/\/sirapevida.com\/en\/wellness\/","og_locale":"en_US","og_type":"article","og_title":"Wellness - SIRA PEVIDA","og_url":"https:\/\/sirapevida.com\/en\/wellness\/","og_site_name":"SIRA PEVIDA","article_publisher":"https:\/\/facebook.com\/sirapevida","article_modified_time":"2021-06-10T20:58:35+00:00","og_image":[{"width":1200,"height":628,"url":"https:\/\/i0.wp.com\/sirapevida.com\/wp-content\/uploads\/2021\/03\/SiraPevida-SocialSharingImage.png?fit=1200%2C628&ssl=1","type":"image\/png"}],"twitter_card":"summary_large_image","schema":{"@context":"https:\/\/schema.org","@graph":[{"@type":"WebPage","@id":"https:\/\/sirapevida.com\/wellness\/","url":"https:\/\/sirapevida.com\/wellness\/","name":"Wellness - SIRA PEVIDA","isPartOf":{"@id":"https:\/\/sirapevida.com\/#website"},"datePublished":"2021-02-21T15:47:07+00:00","dateModified":"2021-06-10T20:58:35+00:00","breadcrumb":{"@id":"https:\/\/sirapevida.com\/wellness\/#breadcrumb"},"inLanguage":"en-US","potentialAction":[{"@type":"ReadAction","target":["https:\/\/sirapevida.com\/wellness\/"]}]},{"@type":"BreadcrumbList","@id":"https:\/\/sirapevida.com\/wellness\/#breadcrumb","itemListElement":[{"@type":"ListItem","position":1,"name":"Home","item":"https:\/\/sirapevida.com\/"},{"@type":"ListItem","position":2,"name":"Wellness"}]},{"@type":"WebSite","@id":"https:\/\/sirapevida.com\/#website","url":"https:\/\/sirapevida.com\/","name":"SIRA PEVIDA","description":"Sira is a style icon and an authority on fashion, beauty, lifestyle, and wellness.","potentialAction":[{"@type":"SearchAction","target":{"@type":"EntryPoint","urlTemplate":"https:\/\/sirapevida.com\/?s={search_term_string}"},"query-input":{"@type":"PropertyValueSpecification","valueRequired":true,"valueName":"search_term_string"}}],"inLanguage":"en-US"}]}},"jetpack_sharing_enabled":true,"jetpack-related-posts":[{"id":20510,"url":"https:\/\/sirapevida.com\/en\/","url_meta":{"origin":3492,"position":0},"title":"Home nuevo","author":"Jorge Marquez","date":"June 26, 2024","format":false,"excerpt":"hola mundo LEER M\u00c1S MODA Valentine\u2019s Fashion Wishlist: No Flowers, Just Great Clothes Un Valentine\u2019s wishlist chic y femenino: prendas y accesorios en rosas, rojos, blancos y encaje, autoregalos que realmente usar\u00e1s todo el a\u00f1o. LEER M\u00c1S HABLEMOS M\u00c1S DE: MODA ESTILO DE VIDA BELLEZA SHOP MY LOOKS VER M\u00c1S\u2026","rel":"","context":"Similar post","block_context":{"text":"Similar post","link":""},"img":{"alt_text":"","src":"image\/png;base64,iVBORw0KGgoAAAANSUhEUgAAAzMAAAQAAQMAAADvLJV4AAAAA1BMVEUAAP+KeNJXAAAAAXRSTlMAQObYZgAAAAlwSFlzAAAOxAAADsQBlSsOGwAAAH5JREFUeNrtwQENAAAAwqD3T20PBxQAAAAAAAAAAAAAAAAAAAAAAAAAAAAAAAAAAAAAAAAAAAAAAAAAAAAAAAAAAAAAAAAAAAAAAAAAAAAAAAAAAAAAAAAAAAAAAAAAAAAAAAAAAAAAAAAAAAAAAAAAAAAAAAAAAAAAAADAhwGgDwABzMrXgAAAAABJRU5ErkJggg==","width":350,"height":200,"srcset":"image\/png;base64,iVBORw0KGgoAAAANSUhEUgAAAzMAAAQAAQMAAADvLJV4AAAAA1BMVEUAAP+KeNJXAAAAAXRSTlMAQObYZgAAAAlwSFlzAAAOxAAADsQBlSsOGwAAAH5JREFUeNrtwQENAAAAwqD3T20PBxQAAAAAAAAAAAAAAAAAAAAAAAAAAAAAAAAAAAAAAAAAAAAAAAAAAAAAAAAAAAAAAAAAAAAAAAAAAAAAAAAAAAAAAAAAAAAAAAAAAAAAAAAAAAAAAAAAAAAAAAAAAAAAAAAAAAAAAADAhwGgDwABzMrXgAAAAABJRU5ErkJggg== 1x, image\/png;base64,iVBORw0KGgoAAAANSUhEUgAAAzMAAAQAAQMAAADvLJV4AAAAA1BMVEUAAP+KeNJXAAAAAXRSTlMAQObYZgAAAAlwSFlzAAAOxAAADsQBlSsOGwAAAH5JREFUeNrtwQENAAAAwqD3T20PBxQAAAAAAAAAAAAAAAAAAAAAAAAAAAAAAAAAAAAAAAAAAAAAAAAAAAAAAAAAAAAAAAAAAAAAAAAAAAAAAAAAAAAAAAAAAAAAAAAAAAAAAAAAAAAAAAAAAAAAAAAAAAAAAAAAAAAAAADAhwGgDwABzMrXgAAAAABJRU5ErkJggg== 1.5x, image\/png;base64,iVBORw0KGgoAAAANSUhEUgAAAzMAAAQAAQMAAADvLJV4AAAAA1BMVEUAAP+KeNJXAAAAAXRSTlMAQObYZgAAAAlwSFlzAAAOxAAADsQBlSsOGwAAAH5JREFUeNrtwQENAAAAwqD3T20PBxQAAAAAAAAAAAAAAAAAAAAAAAAAAAAAAAAAAAAAAAAAAAAAAAAAAAAAAAAAAAAAAAAAAAAAAAAAAAAAAAAAAAAAAAAAAAAAAAAAAAAAAAAAAAAAAAAAAAAAAAAAAAAAAAAAAAAAAADAhwGgDwABzMrXgAAAAABJRU5ErkJggg== 2x"},"classes":[]}],"jetpack_shortlink":"https:\/\/wp.me\/PczBVf-Uk","_links":{"self":[{"href":"https:\/\/sirapevida.com\/en\/wp-json\/wp\/v2\/pages\/3492","targetHints":{"allow":["GET"]}}],"collection":[{"href":"https:\/\/sirapevida.com\/en\/wp-json\/wp\/v2\/pages"}],"about":[{"href":"https:\/\/sirapevida.com\/en\/wp-json\/wp\/v2\/types\/page"}],"author":[{"embeddable":true,"href":"https:\/\/sirapevida.com\/en\/wp-json\/wp\/v2\/users\/15"}],"replies":[{"embeddable":true,"href":"https:\/\/sirapevida.com\/en\/wp-json\/wp\/v2\/comments?post=3492"}],"version-history":[{"count":16,"href":"https:\/\/sirapevida.com\/en\/wp-json\/wp\/v2\/pages\/3492\/revisions"}],"predecessor-version":[{"id":7200,"href":"https:\/\/sirapevida.com\/en\/wp-json\/wp\/v2\/pages\/3492\/revisions\/7200"}],"wp:attachment":[{"href":"https:\/\/sirapevida.com\/en\/wp-json\/wp\/v2\/media?parent=3492"}],"curies":[{"name":"wp","href":"https:\/\/api.w.org\/{rel}","templated":true}]}}