{"id":35118,"date":"2024-08-26T11:02:56","date_gmt":"2024-08-26T16:02:56","guid":{"rendered":"https:\/\/sirapevida.com\/?page_id=35118"},"modified":"2025-07-25T16:00:05","modified_gmt":"2025-07-25T21:00:05","slug":"shop-my-looks","status":"publish","type":"page","link":"https:\/\/sirapevida.com\/en\/shop-my-looks\/","title":{"rendered":"SHOP MY LOOKS"},"content":{"rendered":"<div data-elementor-type=\"wp-page\" data-elementor-id=\"35118\" class=\"elementor elementor-35118\" data-elementor-post-type=\"page\">\n\t\t\t\t<div class=\"elementor-element elementor-element-5f78601 e-flex e-con-boxed cmsmasters-block-default e-con e-parent\" data-id=\"5f78601\" data-element_type=\"container\">\n\t\t\t\t\t<div class=\"e-con-inner\">\n\t\t\t\t<div class=\"elementor-element elementor-element-a616846 cmsmasters-block-default cmsmasters-sticky-default elementor-widget elementor-widget-spacer\" data-id=\"a616846\" data-element_type=\"widget\" data-widget_type=\"spacer.default\">\n\t\t\t\t<div class=\"elementor-widget-container\">\n\t\t\t\t\t<div class=\"elementor-spacer\">\n\t\t\t<div class=\"elementor-spacer-inner\"><\/div>\n\t\t<\/div>\n\t\t\t\t<\/div>\n\t\t\t\t<\/div>\n\t\t\t\t<div class=\"elementor-element elementor-element-a39b4c2 cmsmasters-block-default cmsmasters-sticky-default elementor-widget elementor-widget-html\" data-id=\"a39b4c2\" data-element_type=\"widget\" data-widget_type=\"html.default\">\n\t\t\t\t<div class=\"elementor-widget-container\">\n\t\t\t<iframe src=\"https:\/\/rocketsapp.com.mx\/moda\/index.php?tarhet=Looks\" style=\"border:none;height: 2500px;width: 100%;\"><\/iframe>\t\t<\/div>\n\t\t\t\t<\/div>\n\t\t\t\t\t<\/div>\n\t\t\t\t<\/div>\n\t\t\t\t<\/div>","protected":false},"excerpt":{"rendered":"","protected":false},"author":19,"featured_media":0,"parent":0,"menu_order":0,"comment_status":"closed","ping_status":"closed","template":"","meta":{"newspack_popups_has_disabled_popups":false,"newspack_content_restriction_is_exempt":false,"footnotes":""},"class_list":["post-35118","page","type-page","status-publish","hentry"],"yoast_head":"<!-- This site is optimized with the Yoast SEO plugin v27.5 - https:\/\/yoast.com\/product\/yoast-seo-wordpress\/ -->\n<title>SHOP MY LOOKS - SIRA PEVIDA<\/title>\n<meta name=\"robots\" content=\"index, follow, max-snippet:-1, max-image-preview:large, max-video-preview:-1\" \/>\n<link rel=\"canonical\" href=\"https:\/\/sirapevida.com\/en\/shop-my-looks\/\" \/>\n<meta property=\"og:locale\" content=\"en_US\" \/>\n<meta property=\"og:type\" content=\"article\" \/>\n<meta property=\"og:title\" content=\"SHOP MY LOOKS - SIRA PEVIDA\" \/>\n<meta property=\"og:url\" content=\"https:\/\/sirapevida.com\/en\/shop-my-looks\/\" \/>\n<meta property=\"og:site_name\" content=\"SIRA PEVIDA\" \/>\n<meta property=\"article:publisher\" content=\"https:\/\/facebook.com\/sirapevida\" \/>\n<meta property=\"article:modified_time\" content=\"2025-07-25T21:00:05+00:00\" \/>\n<meta property=\"og:image\" content=\"https:\/\/i0.wp.com\/sirapevida.com\/wp-content\/uploads\/2021\/03\/SiraPevida-SocialSharingImage.png?fit=1200%2C628&ssl=1\" \/>\n\t<meta property=\"og:image:width\" content=\"1200\" \/>\n\t<meta property=\"og:image:height\" content=\"628\" \/>\n\t<meta property=\"og:image:type\" content=\"image\/png\" \/>\n<meta name=\"twitter:card\" content=\"summary_large_image\" \/>\n<script type=\"application\/ld+json\" class=\"yoast-schema-graph\">{\"@context\":\"https:\\\/\\\/schema.org\",\"@graph\":[{\"@type\":\"WebPage\",\"@id\":\"https:\\\/\\\/sirapevida.com\\\/shop-my-looks\\\/\",\"url\":\"https:\\\/\\\/sirapevida.com\\\/shop-my-looks\\\/\",\"name\":\"SHOP MY LOOKS - SIRA PEVIDA\",\"isPartOf\":{\"@id\":\"https:\\\/\\\/sirapevida.com\\\/#website\"},\"datePublished\":\"2024-08-26T16:02:56+00:00\",\"dateModified\":\"2025-07-25T21:00:05+00:00\",\"breadcrumb\":{\"@id\":\"https:\\\/\\\/sirapevida.com\\\/shop-my-looks\\\/#breadcrumb\"},\"inLanguage\":\"en-US\",\"potentialAction\":[{\"@type\":\"ReadAction\",\"target\":[\"https:\\\/\\\/sirapevida.com\\\/shop-my-looks\\\/\"]}]},{\"@type\":\"BreadcrumbList\",\"@id\":\"https:\\\/\\\/sirapevida.com\\\/shop-my-looks\\\/#breadcrumb\",\"itemListElement\":[{\"@type\":\"ListItem\",\"position\":1,\"name\":\"Home\",\"item\":\"https:\\\/\\\/sirapevida.com\\\/\"},{\"@type\":\"ListItem\",\"position\":2,\"name\":\"SHOP MY LOOKS\"}]},{\"@type\":\"WebSite\",\"@id\":\"https:\\\/\\\/sirapevida.com\\\/#website\",\"url\":\"https:\\\/\\\/sirapevida.com\\\/\",\"name\":\"SIRA PEVIDA\",\"description\":\"Sira is a style icon and an authority on fashion, beauty, lifestyle, and wellness.\",\"potentialAction\":[{\"@type\":\"SearchAction\",\"target\":{\"@type\":\"EntryPoint\",\"urlTemplate\":\"https:\\\/\\\/sirapevida.com\\\/?s={search_term_string}\"},\"query-input\":{\"@type\":\"PropertyValueSpecification\",\"valueRequired\":true,\"valueName\":\"search_term_string\"}}],\"inLanguage\":\"en-US\"}]}<\/script>\n<!-- \/ Yoast SEO plugin. -->","yoast_head_json":{"title":"SHOP MY LOOKS - SIRA PEVIDA","robots":{"index":"index","follow":"follow","max-snippet":"max-snippet:-1","max-image-preview":"max-image-preview:large","max-video-preview":"max-video-preview:-1"},"canonical":"https:\/\/sirapevida.com\/en\/shop-my-looks\/","og_locale":"en_US","og_type":"article","og_title":"SHOP MY LOOKS - SIRA PEVIDA","og_url":"https:\/\/sirapevida.com\/en\/shop-my-looks\/","og_site_name":"SIRA PEVIDA","article_publisher":"https:\/\/facebook.com\/sirapevida","article_modified_time":"2025-07-25T21:00:05+00:00","og_image":[{"width":1200,"height":628,"url":"https:\/\/i0.wp.com\/sirapevida.com\/wp-content\/uploads\/2021\/03\/SiraPevida-SocialSharingImage.png?fit=1200%2C628&ssl=1","type":"image\/png"}],"twitter_card":"summary_large_image","schema":{"@context":"https:\/\/schema.org","@graph":[{"@type":"WebPage","@id":"https:\/\/sirapevida.com\/shop-my-looks\/","url":"https:\/\/sirapevida.com\/shop-my-looks\/","name":"SHOP MY LOOKS - SIRA PEVIDA","isPartOf":{"@id":"https:\/\/sirapevida.com\/#website"},"datePublished":"2024-08-26T16:02:56+00:00","dateModified":"2025-07-25T21:00:05+00:00","breadcrumb":{"@id":"https:\/\/sirapevida.com\/shop-my-looks\/#breadcrumb"},"inLanguage":"en-US","potentialAction":[{"@type":"ReadAction","target":["https:\/\/sirapevida.com\/shop-my-looks\/"]}]},{"@type":"BreadcrumbList","@id":"https:\/\/sirapevida.com\/shop-my-looks\/#breadcrumb","itemListElement":[{"@type":"ListItem","position":1,"name":"Home","item":"https:\/\/sirapevida.com\/"},{"@type":"ListItem","position":2,"name":"SHOP MY LOOKS"}]},{"@type":"WebSite","@id":"https:\/\/sirapevida.com\/#website","url":"https:\/\/sirapevida.com\/","name":"SIRA PEVIDA","description":"Sira is a style icon and an authority on fashion, beauty, lifestyle, and wellness.","potentialAction":[{"@type":"SearchAction","target":{"@type":"EntryPoint","urlTemplate":"https:\/\/sirapevida.com\/?s={search_term_string}"},"query-input":{"@type":"PropertyValueSpecification","valueRequired":true,"valueName":"search_term_string"}}],"inLanguage":"en-US"}]}},"jetpack_sharing_enabled":true,"jetpack-related-posts":[{"id":20510,"url":"https:\/\/sirapevida.com\/en\/","url_meta":{"origin":35118,"position":0},"title":"Home nuevo","author":"Jorge Marquez","date":"June 26, 2024","format":false,"excerpt":"hola mundo LEER M\u00c1S MODA Valentine\u2019s Fashion Wishlist: No Flowers, Just Great Clothes Un Valentine\u2019s wishlist chic y femenino: prendas y accesorios en rosas, rojos, blancos y encaje, autoregalos que realmente usar\u00e1s todo el a\u00f1o. LEER M\u00c1S HABLEMOS M\u00c1S DE: MODA ESTILO DE VIDA BELLEZA SHOP MY LOOKS VER M\u00c1S\u2026","rel":"","context":"Similar post","block_context":{"text":"Similar post","link":""},"img":{"alt_text":"","src":"image\/png;base64,iVBORw0KGgoAAAANSUhEUgAAAzMAAAQAAQMAAADvLJV4AAAAA1BMVEUAAP+KeNJXAAAAAXRSTlMAQObYZgAAAAlwSFlzAAAOxAAADsQBlSsOGwAAAH5JREFUeNrtwQENAAAAwqD3T20PBxQAAAAAAAAAAAAAAAAAAAAAAAAAAAAAAAAAAAAAAAAAAAAAAAAAAAAAAAAAAAAAAAAAAAAAAAAAAAAAAAAAAAAAAAAAAAAAAAAAAAAAAAAAAAAAAAAAAAAAAAAAAAAAAAAAAAAAAADAhwGgDwABzMrXgAAAAABJRU5ErkJggg==","width":350,"height":200,"srcset":"image\/png;base64,iVBORw0KGgoAAAANSUhEUgAAAzMAAAQAAQMAAADvLJV4AAAAA1BMVEUAAP+KeNJXAAAAAXRSTlMAQObYZgAAAAlwSFlzAAAOxAAADsQBlSsOGwAAAH5JREFUeNrtwQENAAAAwqD3T20PBxQAAAAAAAAAAAAAAAAAAAAAAAAAAAAAAAAAAAAAAAAAAAAAAAAAAAAAAAAAAAAAAAAAAAAAAAAAAAAAAAAAAAAAAAAAAAAAAAAAAAAAAAAAAAAAAAAAAAAAAAAAAAAAAAAAAAAAAADAhwGgDwABzMrXgAAAAABJRU5ErkJggg== 1x, image\/png;base64,iVBORw0KGgoAAAANSUhEUgAAAzMAAAQAAQMAAADvLJV4AAAAA1BMVEUAAP+KeNJXAAAAAXRSTlMAQObYZgAAAAlwSFlzAAAOxAAADsQBlSsOGwAAAH5JREFUeNrtwQENAAAAwqD3T20PBxQAAAAAAAAAAAAAAAAAAAAAAAAAAAAAAAAAAAAAAAAAAAAAAAAAAAAAAAAAAAAAAAAAAAAAAAAAAAAAAAAAAAAAAAAAAAAAAAAAAAAAAAAAAAAAAAAAAAAAAAAAAAAAAAAAAAAAAADAhwGgDwABzMrXgAAAAABJRU5ErkJggg== 1.5x, image\/png;base64,iVBORw0KGgoAAAANSUhEUgAAAzMAAAQAAQMAAADvLJV4AAAAA1BMVEUAAP+KeNJXAAAAAXRSTlMAQObYZgAAAAlwSFlzAAAOxAAADsQBlSsOGwAAAH5JREFUeNrtwQENAAAAwqD3T20PBxQAAAAAAAAAAAAAAAAAAAAAAAAAAAAAAAAAAAAAAAAAAAAAAAAAAAAAAAAAAAAAAAAAAAAAAAAAAAAAAAAAAAAAAAAAAAAAAAAAAAAAAAAAAAAAAAAAAAAAAAAAAAAAAAAAAAAAAADAhwGgDwABzMrXgAAAAABJRU5ErkJggg== 2x"},"classes":[]},{"id":203,"url":"https:\/\/sirapevida.com\/en\/shop\/","url_meta":{"origin":35118,"position":1},"title":"Shop","author":"Jorge Marquez","date":"June 6, 2018","format":false,"excerpt":"","rel":"","context":"Similar post","block_context":{"text":"Similar post","link":""},"img":{"alt_text":"","src":"","width":0,"height":0},"classes":[]},{"id":32793,"url":"https:\/\/sirapevida.com\/en\/shop-2\/","url_meta":{"origin":35118,"position":2},"title":"Shop","author":"Jorge Marquez","date":"March 19, 2024","format":false,"excerpt":"","rel":"","context":"Similar post","block_context":{"text":"Similar post","link":""},"img":{"alt_text":"","src":"","width":0,"height":0},"classes":[]},{"id":33402,"url":"https:\/\/sirapevida.com\/en\/home-3\/","url_meta":{"origin":35118,"position":3},"title":"Home 3","author":"Jorge Marquez","date":"March 27, 2024","format":false,"excerpt":"ISSUE NO 15 Your daily source of news, opinions & inspiration on art, society, business, technology and more. Editoria Magazine. Editoria Magazine Join the Club Get the best of Editoria delivered to your inbox weekly Editor\u2019s Picks Don\u2019t Miss Out Recent Columns","rel":"","context":"Similar post","block_context":{"text":"Similar post","link":""},"img":{"alt_text":"shop-1","src":"https:\/\/i0.wp.com\/sirapevida.com\/wp-content\/uploads\/2024\/03\/shop-1.webp?resize=350%2C200&ssl=1","width":350,"height":200,"srcset":"https:\/\/i0.wp.com\/sirapevida.com\/wp-content\/uploads\/2024\/03\/shop-1.webp?resize=350%2C200&ssl=1 1x, https:\/\/i0.wp.com\/sirapevida.com\/wp-content\/uploads\/2024\/03\/shop-1.webp?resize=525%2C300&ssl=1 1.5x"},"classes":[]},{"id":32796,"url":"https:\/\/sirapevida.com\/en\/my-account\/","url_meta":{"origin":35118,"position":4},"title":"My account","author":"Jorge Marquez","date":"March 19, 2024","format":false,"excerpt":"","rel":"","context":"Similar post","block_context":{"text":"Similar post","link":""},"img":{"alt_text":"","src":"","width":0,"height":0},"classes":[]},{"id":3663,"url":"https:\/\/sirapevida.com\/en\/home-english\/","url_meta":{"origin":35118,"position":5},"title":"Home &#8211; English","author":"Sira Admin","date":"March 3, 2021","format":false,"excerpt":"Subscribe to my newsletter * indicates required Email Address * First Name * Last Name * Birthday \/ ( mm \/ dd )","rel":"","context":"Similar post","block_context":{"text":"Similar post","link":""},"img":{"alt_text":"","src":"","width":0,"height":0},"classes":[]}],"jetpack_shortlink":"https:\/\/wp.me\/PczBVf-98q","_links":{"self":[{"href":"https:\/\/sirapevida.com\/en\/wp-json\/wp\/v2\/pages\/35118","targetHints":{"allow":["GET"]}}],"collection":[{"href":"https:\/\/sirapevida.com\/en\/wp-json\/wp\/v2\/pages"}],"about":[{"href":"https:\/\/sirapevida.com\/en\/wp-json\/wp\/v2\/types\/page"}],"author":[{"embeddable":true,"href":"https:\/\/sirapevida.com\/en\/wp-json\/wp\/v2\/users\/19"}],"replies":[{"embeddable":true,"href":"https:\/\/sirapevida.com\/en\/wp-json\/wp\/v2\/comments?post=35118"}],"version-history":[{"count":29,"href":"https:\/\/sirapevida.com\/en\/wp-json\/wp\/v2\/pages\/35118\/revisions"}],"predecessor-version":[{"id":36543,"href":"https:\/\/sirapevida.com\/en\/wp-json\/wp\/v2\/pages\/35118\/revisions\/36543"}],"wp:attachment":[{"href":"https:\/\/sirapevida.com\/en\/wp-json\/wp\/v2\/media?parent=35118"}],"curies":[{"name":"wp","href":"https:\/\/api.w.org\/{rel}","templated":true}]}}