{"id":35651,"date":"2024-09-26T10:21:10","date_gmt":"2024-09-26T15:21:10","guid":{"rendered":"https:\/\/sirapevida.com\/?page_id=35651"},"modified":"2024-09-27T11:31:40","modified_gmt":"2024-09-27T16:31:40","slug":"about","status":"publish","type":"page","link":"https:\/\/sirapevida.com\/en\/about\/","title":{"rendered":"About"},"content":{"rendered":"<div data-elementor-type=\"wp-page\" data-elementor-id=\"35651\" class=\"elementor elementor-35651\" data-elementor-post-type=\"page\">\n\t\t\t\t<div class=\"elementor-element elementor-element-780b24f2 e-flex e-con-boxed cmsmasters-block-default e-con e-parent\" data-id=\"780b24f2\" data-element_type=\"container\" data-settings=\"{&quot;background_background&quot;:&quot;classic&quot;}\">\n\t\t\t\t\t<div class=\"e-con-inner\">\n\t\t<div class=\"elementor-element elementor-element-20df2b7a e-con-full e-flex cmsmasters-block-default e-con e-child\" data-id=\"20df2b7a\" data-element_type=\"container\">\n\t\t\t\t<\/div>\n\t\t<div class=\"elementor-element elementor-element-540ad569 e-con-full e-flex cmsmasters-block-default e-con e-child\" data-id=\"540ad569\" data-element_type=\"container\">\n\t\t\t\t<div class=\"elementor-element elementor-element-3d80ec86 cmsmasters-block-default cmsmasters-sticky-default elementor-widget elementor-widget-video\" data-id=\"3d80ec86\" data-element_type=\"widget\" data-settings=\"{&quot;video_type&quot;:&quot;hosted&quot;,&quot;autoplay&quot;:&quot;yes&quot;,&quot;play_on_mobile&quot;:&quot;yes&quot;,&quot;mute&quot;:&quot;yes&quot;,&quot;loop&quot;:&quot;yes&quot;,&quot;motion_fx_motion_fx_scrolling&quot;:&quot;yes&quot;,&quot;motion_fx_scale_effect&quot;:&quot;yes&quot;,&quot;controls&quot;:&quot;yes&quot;,&quot;motion_fx_scale_direction&quot;:&quot;out-in&quot;,&quot;motion_fx_scale_speed&quot;:{&quot;unit&quot;:&quot;px&quot;,&quot;size&quot;:4,&quot;sizes&quot;:[]},&quot;motion_fx_scale_range&quot;:{&quot;unit&quot;:&quot;%&quot;,&quot;size&quot;:&quot;&quot;,&quot;sizes&quot;:{&quot;start&quot;:20,&quot;end&quot;:80}},&quot;motion_fx_devices&quot;:[&quot;widescreen&quot;,&quot;desktop&quot;,&quot;tablet&quot;,&quot;mobile&quot;]}\" data-widget_type=\"video.default\">\n\t\t\t\t<div class=\"elementor-widget-container\">\n\t\t\t\t\t<div class=\"e-hosted-video elementor-wrapper elementor-open-inline\">\n\t\t\t\t\t<video class=\"elementor-video\" src=\"https:\/\/sirapevida.com\/wp-content\/uploads\/2024\/09\/about.mp4\" autoplay=\"\" loop=\"\" controls=\"\" muted=\"muted\" playsinline=\"\" controlslist=\"nodownload\"><\/video>\n\t\t\t\t<\/div>\n\t\t\t\t<\/div>\n\t\t\t\t<\/div>\n\t\t\t\t<\/div>\n\t\t<div class=\"elementor-element elementor-element-17425c7c e-con-full e-flex cmsmasters-block-default e-con e-child\" data-id=\"17425c7c\" data-element_type=\"container\">\n\t\t\t\t<\/div>\n\t\t\t\t\t<\/div>\n\t\t\t\t<\/div>\n\t\t<div class=\"elementor-element elementor-element-3b2f6450 e-flex e-con-boxed cmsmasters-block-default e-con e-parent\" data-id=\"3b2f6450\" data-element_type=\"container\">\n\t\t\t\t\t<div class=\"e-con-inner\">\n\t\t\t\t<div class=\"elementor-element elementor-element-383d4463 cmsmasters-block-default cmsmasters-sticky-default elementor-widget elementor-widget-heading\" data-id=\"383d4463\" data-element_type=\"widget\" data-widget_type=\"heading.default\">\n\t\t\t\t<div class=\"elementor-widget-container\">\n\t\t\t<h2 class=\"elementor-heading-title elementor-size-default\">ABOUT<\/h2>\t\t<\/div>\n\t\t\t\t<\/div>\n\t\t\t\t\t<\/div>\n\t\t\t\t<\/div>\n\t\t<div class=\"elementor-element elementor-element-416bdd28 e-flex e-con-boxed cmsmasters-block-default e-con e-parent\" data-id=\"416bdd28\" data-element_type=\"container\">\n\t\t\t\t\t<div class=\"e-con-inner\">\n\t\t<div class=\"elementor-element elementor-element-209e3155 e-con-full e-flex cmsmasters-block-default e-con e-child\" data-id=\"209e3155\" data-element_type=\"container\">\n\t\t\t\t<\/div>\n\t\t<div class=\"elementor-element elementor-element-7a89ce8b e-con-full e-flex cmsmasters-block-default e-con e-child\" data-id=\"7a89ce8b\" data-element_type=\"container\">\n\t\t\t\t<div class=\"elementor-element elementor-element-b7af8eb cmsmasters-block-default cmsmasters-sticky-default elementor-widget elementor-widget-text-editor\" data-id=\"b7af8eb\" data-element_type=\"widget\" data-widget_type=\"text-editor.default\">\n\t\t\t\t<div class=\"elementor-widget-container\">\n\t\t\t\t\t\t\t<p class=\"p1\">Sira Pevida is one of the most important fashion influencers in the world. In addition to being a successful digital content creator, she\u2019s an entrepreneur. Her impeccable style and exclusive access to the top luxury brands in the world have allowed her to develop curated multi-platform content that is always expanding its reach to new audiences.<\/p><p class=\"p1\">She has a presence on Facebook, Instagram, YouTube, TikTok, Twitter, and her personal site with a total audience of 551K users hailing from different countries like Mexico, the United States, Spain, and more.<\/p><p class=\"p1\">Sira is a style icon and an authority on fashion, beauty, lifestyle, and wellness.<\/p>\t\t\t\t\t\t<\/div>\n\t\t\t\t<\/div>\n\t\t\t\t<\/div>\n\t\t<div class=\"elementor-element elementor-element-377ce661 e-con-full e-flex cmsmasters-block-default e-con e-child\" data-id=\"377ce661\" data-element_type=\"container\">\n\t\t\t\t<\/div>\n\t\t\t\t\t<\/div>\n\t\t\t\t<\/div>\n\t\t<div class=\"elementor-element elementor-element-3a3a8dc e-flex e-con-boxed cmsmasters-block-default e-con e-parent\" data-id=\"3a3a8dc\" data-element_type=\"container\">\n\t\t\t\t\t<div class=\"e-con-inner\">\n\t\t<div class=\"elementor-element elementor-element-7353e7b e-con-full e-flex cmsmasters-block-default e-con e-child\" data-id=\"7353e7b\" data-element_type=\"container\">\n\t\t\t\t<\/div>\n\t\t<div class=\"elementor-element elementor-element-f702f97 e-con-full e-flex cmsmasters-block-default e-con e-child\" data-id=\"f702f97\" data-element_type=\"container\">\n\t\t\t\t<div class=\"elementor-element elementor-element-11064b9 cmsmasters-block-default cmsmasters-sticky-default elementor-widget elementor-widget-spacer\" data-id=\"11064b9\" data-element_type=\"widget\" data-widget_type=\"spacer.default\">\n\t\t\t\t<div class=\"elementor-widget-container\">\n\t\t\t\t\t<div class=\"elementor-spacer\">\n\t\t\t<div class=\"elementor-spacer-inner\"><\/div>\n\t\t<\/div>\n\t\t\t\t<\/div>\n\t\t\t\t<\/div>\n\t\t\t\t<\/div>\n\t\t<div class=\"elementor-element elementor-element-94d64a2 e-con-full e-flex cmsmasters-block-default e-con e-child\" data-id=\"94d64a2\" data-element_type=\"container\">\n\t\t\t\t<\/div>\n\t\t\t\t\t<\/div>\n\t\t\t\t<\/div>\n\t\t\t\t<\/div>","protected":false},"excerpt":{"rendered":"<p>https:\/\/sirapevida.com\/wp-content\/uploads\/2024\/09\/about.mp4 ABOUT Sira Pevida es una de las influencers de moda m\u00e1s importantes del mundo. Adem\u00e1s de ser una exitosa creadora de contenidos digitales, es emprendedora. Su impecable estilo y acceso exclusivo a las principales marcas de lujo del mundo le han permitido ella para desarrollar contenido multiplataforma seleccionado que siempre est\u00e1 ampliando su alcance&#8230;<\/p>","protected":false},"author":19,"featured_media":0,"parent":0,"menu_order":0,"comment_status":"closed","ping_status":"closed","template":"","meta":{"newspack_popups_has_disabled_popups":false,"footnotes":""},"class_list":["post-35651","page","type-page","status-publish","hentry"],"yoast_head":"<!-- This site is optimized with the Yoast SEO plugin v27.1.1 - https:\/\/yoast.com\/product\/yoast-seo-wordpress\/ -->\n<title>About - SIRA PEVIDA<\/title>\n<meta name=\"description\" content=\"https:\/\/sirapevida.com\/wp-content\/uploads\/2024\/09\/about.mp4 ABOUT Sira Pevida es una de las influencers de moda m\u00e1s importantes del mundo. Adem\u00e1s de ser\" \/>\n<meta name=\"robots\" content=\"index, follow, max-snippet:-1, max-image-preview:large, max-video-preview:-1\" \/>\n<link rel=\"canonical\" href=\"https:\/\/sirapevida.com\/en\/about\/\" \/>\n<meta property=\"og:locale\" content=\"en_US\" \/>\n<meta property=\"og:type\" content=\"article\" \/>\n<meta property=\"og:title\" content=\"About - SIRA PEVIDA\" \/>\n<meta property=\"og:description\" content=\"https:\/\/sirapevida.com\/wp-content\/uploads\/2024\/09\/about.mp4 ABOUT Sira Pevida es una de las influencers de moda m\u00e1s importantes del mundo. Adem\u00e1s de ser\" \/>\n<meta property=\"og:url\" content=\"https:\/\/sirapevida.com\/en\/about\/\" \/>\n<meta property=\"og:site_name\" content=\"SIRA PEVIDA\" \/>\n<meta property=\"article:publisher\" content=\"https:\/\/facebook.com\/sirapevida\" \/>\n<meta property=\"article:modified_time\" content=\"2024-09-27T16:31:40+00:00\" \/>\n<meta property=\"og:image\" content=\"https:\/\/i0.wp.com\/sirapevida.com\/wp-content\/uploads\/2021\/03\/SiraPevida-SocialSharingImage.png?fit=1200%2C628&ssl=1\" \/>\n\t<meta property=\"og:image:width\" content=\"1200\" \/>\n\t<meta property=\"og:image:height\" content=\"628\" \/>\n\t<meta property=\"og:image:type\" content=\"image\/png\" \/>\n<meta name=\"twitter:card\" content=\"summary_large_image\" \/>\n<meta name=\"twitter:label1\" content=\"Est. reading time\" \/>\n\t<meta name=\"twitter:data1\" content=\"1 minute\" \/>\n<script type=\"application\/ld+json\" class=\"yoast-schema-graph\">{\"@context\":\"https:\/\/schema.org\",\"@graph\":[{\"@type\":\"WebPage\",\"@id\":\"https:\/\/sirapevida.com\/about\/\",\"url\":\"https:\/\/sirapevida.com\/about\/\",\"name\":\"About - SIRA PEVIDA\",\"isPartOf\":{\"@id\":\"https:\/\/sirapevida.com\/#website\"},\"datePublished\":\"2024-09-26T15:21:10+00:00\",\"dateModified\":\"2024-09-27T16:31:40+00:00\",\"description\":\"https:\/\/sirapevida.com\/wp-content\/uploads\/2024\/09\/about.mp4 ABOUT Sira Pevida es una de las influencers de moda m\u00e1s importantes del mundo. Adem\u00e1s de ser\",\"breadcrumb\":{\"@id\":\"https:\/\/sirapevida.com\/about\/#breadcrumb\"},\"inLanguage\":\"en-US\",\"potentialAction\":[{\"@type\":\"ReadAction\",\"target\":[\"https:\/\/sirapevida.com\/about\/\"]}]},{\"@type\":\"BreadcrumbList\",\"@id\":\"https:\/\/sirapevida.com\/about\/#breadcrumb\",\"itemListElement\":[{\"@type\":\"ListItem\",\"position\":1,\"name\":\"Home\",\"item\":\"https:\/\/sirapevida.com\/\"},{\"@type\":\"ListItem\",\"position\":2,\"name\":\"About\"}]},{\"@type\":\"WebSite\",\"@id\":\"https:\/\/sirapevida.com\/#website\",\"url\":\"https:\/\/sirapevida.com\/\",\"name\":\"SIRA PEVIDA\",\"description\":\"Sira is a style icon and an authority on fashion, beauty, lifestyle, and wellness.\",\"potentialAction\":[{\"@type\":\"SearchAction\",\"target\":{\"@type\":\"EntryPoint\",\"urlTemplate\":\"https:\/\/sirapevida.com\/?s={search_term_string}\"},\"query-input\":{\"@type\":\"PropertyValueSpecification\",\"valueRequired\":true,\"valueName\":\"search_term_string\"}}],\"inLanguage\":\"en-US\"}]}<\/script>\n<!-- \/ Yoast SEO plugin. -->","yoast_head_json":{"title":"About - SIRA PEVIDA","description":"https:\/\/sirapevida.com\/wp-content\/uploads\/2024\/09\/about.mp4 ABOUT Sira Pevida es una de las influencers de moda m\u00e1s importantes del mundo. Adem\u00e1s de ser","robots":{"index":"index","follow":"follow","max-snippet":"max-snippet:-1","max-image-preview":"max-image-preview:large","max-video-preview":"max-video-preview:-1"},"canonical":"https:\/\/sirapevida.com\/en\/about\/","og_locale":"en_US","og_type":"article","og_title":"About - SIRA PEVIDA","og_description":"https:\/\/sirapevida.com\/wp-content\/uploads\/2024\/09\/about.mp4 ABOUT Sira Pevida es una de las influencers de moda m\u00e1s importantes del mundo. Adem\u00e1s de ser","og_url":"https:\/\/sirapevida.com\/en\/about\/","og_site_name":"SIRA PEVIDA","article_publisher":"https:\/\/facebook.com\/sirapevida","article_modified_time":"2024-09-27T16:31:40+00:00","og_image":[{"width":1200,"height":628,"url":"https:\/\/i0.wp.com\/sirapevida.com\/wp-content\/uploads\/2021\/03\/SiraPevida-SocialSharingImage.png?fit=1200%2C628&ssl=1","type":"image\/png"}],"twitter_card":"summary_large_image","twitter_misc":{"Est. reading time":"1 minute"},"schema":{"@context":"https:\/\/schema.org","@graph":[{"@type":"WebPage","@id":"https:\/\/sirapevida.com\/about\/","url":"https:\/\/sirapevida.com\/about\/","name":"About - SIRA PEVIDA","isPartOf":{"@id":"https:\/\/sirapevida.com\/#website"},"datePublished":"2024-09-26T15:21:10+00:00","dateModified":"2024-09-27T16:31:40+00:00","description":"https:\/\/sirapevida.com\/wp-content\/uploads\/2024\/09\/about.mp4 ABOUT Sira Pevida es una de las influencers de moda m\u00e1s importantes del mundo. Adem\u00e1s de ser","breadcrumb":{"@id":"https:\/\/sirapevida.com\/about\/#breadcrumb"},"inLanguage":"en-US","potentialAction":[{"@type":"ReadAction","target":["https:\/\/sirapevida.com\/about\/"]}]},{"@type":"BreadcrumbList","@id":"https:\/\/sirapevida.com\/about\/#breadcrumb","itemListElement":[{"@type":"ListItem","position":1,"name":"Home","item":"https:\/\/sirapevida.com\/"},{"@type":"ListItem","position":2,"name":"About"}]},{"@type":"WebSite","@id":"https:\/\/sirapevida.com\/#website","url":"https:\/\/sirapevida.com\/","name":"SIRA PEVIDA","description":"Sira is a style icon and an authority on fashion, beauty, lifestyle, and wellness.","potentialAction":[{"@type":"SearchAction","target":{"@type":"EntryPoint","urlTemplate":"https:\/\/sirapevida.com\/?s={search_term_string}"},"query-input":{"@type":"PropertyValueSpecification","valueRequired":true,"valueName":"search_term_string"}}],"inLanguage":"en-US"}]}},"jetpack_sharing_enabled":true,"jetpack-related-posts":[{"id":20510,"url":"https:\/\/sirapevida.com\/en\/","url_meta":{"origin":35651,"position":0},"title":"Home nuevo","author":"Jorge Marquez","date":"June 26, 2024","format":false,"excerpt":"hola mundo LEER M\u00c1S MODA Valentine\u2019s Fashion Wishlist: No Flowers, Just Great Clothes Un Valentine\u2019s wishlist chic y femenino: prendas y accesorios en rosas, rojos, blancos y encaje, autoregalos que realmente usar\u00e1s todo el a\u00f1o. LEER M\u00c1S HABLEMOS M\u00c1S DE: MODA ESTILO DE VIDA BELLEZA SHOP MY LOOKS VER M\u00c1S\u2026","rel":"","context":"Similar post","block_context":{"text":"Similar post","link":""},"img":{"alt_text":"","src":"image\/png;base64,iVBORw0KGgoAAAANSUhEUgAAAzMAAAQAAQMAAADvLJV4AAAAA1BMVEUAAP+KeNJXAAAAAXRSTlMAQObYZgAAAAlwSFlzAAAOxAAADsQBlSsOGwAAAH5JREFUeNrtwQENAAAAwqD3T20PBxQAAAAAAAAAAAAAAAAAAAAAAAAAAAAAAAAAAAAAAAAAAAAAAAAAAAAAAAAAAAAAAAAAAAAAAAAAAAAAAAAAAAAAAAAAAAAAAAAAAAAAAAAAAAAAAAAAAAAAAAAAAAAAAAAAAAAAAADAhwGgDwABzMrXgAAAAABJRU5ErkJggg==","width":350,"height":200,"srcset":"image\/png;base64,iVBORw0KGgoAAAANSUhEUgAAAzMAAAQAAQMAAADvLJV4AAAAA1BMVEUAAP+KeNJXAAAAAXRSTlMAQObYZgAAAAlwSFlzAAAOxAAADsQBlSsOGwAAAH5JREFUeNrtwQENAAAAwqD3T20PBxQAAAAAAAAAAAAAAAAAAAAAAAAAAAAAAAAAAAAAAAAAAAAAAAAAAAAAAAAAAAAAAAAAAAAAAAAAAAAAAAAAAAAAAAAAAAAAAAAAAAAAAAAAAAAAAAAAAAAAAAAAAAAAAAAAAAAAAADAhwGgDwABzMrXgAAAAABJRU5ErkJggg== 1x, image\/png;base64,iVBORw0KGgoAAAANSUhEUgAAAzMAAAQAAQMAAADvLJV4AAAAA1BMVEUAAP+KeNJXAAAAAXRSTlMAQObYZgAAAAlwSFlzAAAOxAAADsQBlSsOGwAAAH5JREFUeNrtwQENAAAAwqD3T20PBxQAAAAAAAAAAAAAAAAAAAAAAAAAAAAAAAAAAAAAAAAAAAAAAAAAAAAAAAAAAAAAAAAAAAAAAAAAAAAAAAAAAAAAAAAAAAAAAAAAAAAAAAAAAAAAAAAAAAAAAAAAAAAAAAAAAAAAAADAhwGgDwABzMrXgAAAAABJRU5ErkJggg== 1.5x, image\/png;base64,iVBORw0KGgoAAAANSUhEUgAAAzMAAAQAAQMAAADvLJV4AAAAA1BMVEUAAP+KeNJXAAAAAXRSTlMAQObYZgAAAAlwSFlzAAAOxAAADsQBlSsOGwAAAH5JREFUeNrtwQENAAAAwqD3T20PBxQAAAAAAAAAAAAAAAAAAAAAAAAAAAAAAAAAAAAAAAAAAAAAAAAAAAAAAAAAAAAAAAAAAAAAAAAAAAAAAAAAAAAAAAAAAAAAAAAAAAAAAAAAAAAAAAAAAAAAAAAAAAAAAAAAAAAAAADAhwGgDwABzMrXgAAAAABJRU5ErkJggg== 2x"},"classes":[]},{"id":35569,"url":"https:\/\/sirapevida.com\/en\/estilo-de-vida\/","url_meta":{"origin":35651,"position":1},"title":"Estilo de vida","author":"Jorge Marquez","date":"September 25, 2024","format":false,"excerpt":"Home\/No breadcrumbs LO M\u00c1S VISTO","rel":"","context":"Similar post","block_context":{"text":"Similar post","link":""},"img":{"alt_text":"","src":"","width":0,"height":0},"classes":[]},{"id":35437,"url":"https:\/\/sirapevida.com\/en\/moda\/","url_meta":{"origin":35651,"position":2},"title":"Moda","author":"Jorge Marquez","date":"September 24, 2024","format":false,"excerpt":"Home\/No breadcrumbs LO M\u00c1S VISTO","rel":"","context":"Similar post","block_context":{"text":"Similar post","link":""},"img":{"alt_text":"","src":"","width":0,"height":0},"classes":[]},{"id":76,"url":"https:\/\/sirapevida.com\/en\/contactme\/","url_meta":{"origin":35651,"position":3},"title":"Contact me","author":"Javier Guzman","date":"August 30, 2019","format":false,"excerpt":"\u00a0Sira is an influential woman, entrepreneur and creator of digital content. She has a degree in nutrition and leads a fitness and healthy lifestyle. She's also passionate about the beauty and fashion industry where she has collaborated with many prestigious brands such as Dior, Ferragamo, La Mer, Bobbi Brown, Guerlain,\u2026","rel":"","context":"Similar post","block_context":{"text":"Similar post","link":""},"img":{"alt_text":"","src":"https:\/\/i0.wp.com\/sirapevida.com\/wp-content\/uploads\/2020\/09\/99B5078E-1D5E-4F8D-819C-A440ED900E6F-scaled.jpeg?resize=350%2C200&ssl=1","width":350,"height":200,"srcset":"https:\/\/i0.wp.com\/sirapevida.com\/wp-content\/uploads\/2020\/09\/99B5078E-1D5E-4F8D-819C-A440ED900E6F-scaled.jpeg?resize=350%2C200&ssl=1 1x, https:\/\/i0.wp.com\/sirapevida.com\/wp-content\/uploads\/2020\/09\/99B5078E-1D5E-4F8D-819C-A440ED900E6F-scaled.jpeg?resize=525%2C300&ssl=1 1.5x, https:\/\/i0.wp.com\/sirapevida.com\/wp-content\/uploads\/2020\/09\/99B5078E-1D5E-4F8D-819C-A440ED900E6F-scaled.jpeg?resize=700%2C400&ssl=1 2x, https:\/\/i0.wp.com\/sirapevida.com\/wp-content\/uploads\/2020\/09\/99B5078E-1D5E-4F8D-819C-A440ED900E6F-scaled.jpeg?resize=1050%2C600&ssl=1 3x, https:\/\/i0.wp.com\/sirapevida.com\/wp-content\/uploads\/2020\/09\/99B5078E-1D5E-4F8D-819C-A440ED900E6F-scaled.jpeg?resize=1400%2C800&ssl=1 4x"},"classes":[]}],"jetpack_shortlink":"https:\/\/wp.me\/PczBVf-9h1","_links":{"self":[{"href":"https:\/\/sirapevida.com\/en\/wp-json\/wp\/v2\/pages\/35651","targetHints":{"allow":["GET"]}}],"collection":[{"href":"https:\/\/sirapevida.com\/en\/wp-json\/wp\/v2\/pages"}],"about":[{"href":"https:\/\/sirapevida.com\/en\/wp-json\/wp\/v2\/types\/page"}],"author":[{"embeddable":true,"href":"https:\/\/sirapevida.com\/en\/wp-json\/wp\/v2\/users\/19"}],"replies":[{"embeddable":true,"href":"https:\/\/sirapevida.com\/en\/wp-json\/wp\/v2\/comments?post=35651"}],"version-history":[{"count":23,"href":"https:\/\/sirapevida.com\/en\/wp-json\/wp\/v2\/pages\/35651\/revisions"}],"predecessor-version":[{"id":35712,"href":"https:\/\/sirapevida.com\/en\/wp-json\/wp\/v2\/pages\/35651\/revisions\/35712"}],"wp:attachment":[{"href":"https:\/\/sirapevida.com\/en\/wp-json\/wp\/v2\/media?parent=35651"}],"curies":[{"name":"wp","href":"https:\/\/api.w.org\/{rel}","templated":true}]}}